{"id":16,"date":"2021-05-08T14:54:19","date_gmt":"2021-05-08T14:54:19","guid":{"rendered":"http:\/\/almedaz.pl\/?page_id=16"},"modified":"2021-10-12T21:24:42","modified_gmt":"2021-10-12T21:24:42","slug":"kilka-slow-o-mnie","status":"publish","type":"page","link":"https:\/\/almed-mogielnica.pl\/index.php\/kilka-slow-o-mnie\/","title":{"rendered":"Lekarze"},"content":{"rendered":"\t\t<div data-elementor-type=\"wp-page\" data-elementor-id=\"16\" class=\"elementor elementor-16\">\n\t\t\t\t\t\t\t\t\t<section class=\"elementor-section elementor-top-section elementor-element elementor-element-b445345 elementor-section-boxed elementor-section-height-default elementor-section-height-default\" data-id=\"b445345\" data-element_type=\"section\">\n\t\t\t\t\t\t<div class=\"elementor-container elementor-column-gap-default\">\n\t\t\t\t\t<div class=\"elementor-column elementor-col-100 elementor-top-column elementor-element elementor-element-c7dba8d\" data-id=\"c7dba8d\" data-element_type=\"column\">\n\t\t\t<div class=\"elementor-widget-wrap elementor-element-populated\">\n\t\t\t\t\t\t\t\t<div class=\"elementor-element elementor-element-4bb8b67 elementor-widget elementor-widget-facebook-button\" data-id=\"4bb8b67\" data-element_type=\"widget\" data-widget_type=\"facebook-button.default\">\n\t\t\t\t<div class=\"elementor-widget-container\">\n\t\t\t<div data-layout=\"standard\" data-colorscheme=\"light\" data-size=\"small\" data-show-faces=\"true\" class=\"elementor-facebook-widget fb-like\" data-href=\"https:\/\/www.facebook.com\/medpracairodzina\" data-share=\"true\" data-action=\"like\"><\/div>\t\t<\/div>\n\t\t\t\t<\/div>\n\t\t\t\t\t<\/div>\n\t\t<\/div>\n\t\t\t\t\t\t\t<\/div>\n\t\t<\/section>\n\t\t\t\t<section class=\"elementor-section elementor-top-section elementor-element elementor-element-519087d elementor-section-boxed elementor-section-height-default elementor-section-height-default\" data-id=\"519087d\" data-element_type=\"section\">\n\t\t\t\t\t\t<div class=\"elementor-container elementor-column-gap-default\">\n\t\t\t\t\t<div class=\"elementor-column elementor-col-50 elementor-top-column elementor-element elementor-element-77a50a9c\" data-id=\"77a50a9c\" data-element_type=\"column\">\n\t\t\t<div class=\"elementor-widget-wrap elementor-element-populated\">\n\t\t\t\t\t\t\t\t<div class=\"elementor-element elementor-element-dc3a438 elementor-widget elementor-widget-image\" data-id=\"dc3a438\" data-element_type=\"widget\" data-widget_type=\"image.default\">\n\t\t\t\t<div class=\"elementor-widget-container\">\n\t\t\t\t\t\t\t\t\t\t\t\t\t\t\t<img loading=\"lazy\" decoding=\"async\" width=\"389\" height=\"504\" src=\"https:\/\/almed-mogielnica.pl\/wp-content\/uploads\/2021\/05\/Ola_Picture01_Gabinet.png\" class=\"attachment-medium_large size-medium_large wp-image-17\" alt=\"Aleksandra Zielinska\" srcset=\"https:\/\/almed-mogielnica.pl\/wp-content\/uploads\/2021\/05\/Ola_Picture01_Gabinet.png 389w, https:\/\/almed-mogielnica.pl\/wp-content\/uploads\/2021\/05\/Ola_Picture01_Gabinet-232x300.png 232w\" sizes=\"(max-width: 389px) 100vw, 389px\" \/>\t\t\t\t\t\t\t\t\t\t\t\t\t\t\t<\/div>\n\t\t\t\t<\/div>\n\t\t\t\t<div class=\"elementor-element elementor-element-8f49f08 elementor-align-center elementor-widget elementor-widget-button\" data-id=\"8f49f08\" data-element_type=\"widget\" data-widget_type=\"button.default\">\n\t\t\t\t<div class=\"elementor-widget-container\">\n\t\t\t\t\t<div class=\"elementor-button-wrapper\">\n\t\t\t<a class=\"elementor-button elementor-button-link elementor-size-sm\" href=\"mailto:almed-az@wp.pl?subject=e-Mail%20ze%20strony%20WWW%20ALMED&#038;body=Kontakt%20ze%20strony%20WWW%20ALMED\">\n\t\t\t\t\t\t<span class=\"elementor-button-content-wrapper\">\n\t\t\t\t\t\t<span class=\"elementor-button-icon elementor-align-icon-left\">\n\t\t\t\t<i aria-hidden=\"true\" class=\"far fa-envelope\"><\/i>\t\t\t<\/span>\n\t\t\t\t\t\t<span class=\"elementor-button-text\">Kontakt e-mail<\/span>\n\t\t<\/span>\n\t\t\t\t\t<\/a>\n\t\t<\/div>\n\t\t\t\t<\/div>\n\t\t\t\t<\/div>\n\t\t\t\t<div class=\"elementor-element elementor-element-52c5c3e elementor-align-center elementor-widget elementor-widget-button\" data-id=\"52c5c3e\" data-element_type=\"widget\" data-widget_type=\"button.default\">\n\t\t\t\t<div class=\"elementor-widget-container\">\n\t\t\t\t\t<div class=\"elementor-button-wrapper\">\n\t\t\t<a class=\"elementor-button elementor-button-link elementor-size-sm\" href=\"tel:+48608343310\">\n\t\t\t\t\t\t<span class=\"elementor-button-content-wrapper\">\n\t\t\t\t\t\t<span class=\"elementor-button-icon elementor-align-icon-left\">\n\t\t\t\t<i aria-hidden=\"true\" class=\"fas fa-phone-alt\"><\/i>\t\t\t<\/span>\n\t\t\t\t\t\t<span class=\"elementor-button-text\">Kontakt telefoniczny<\/span>\n\t\t<\/span>\n\t\t\t\t\t<\/a>\n\t\t<\/div>\n\t\t\t\t<\/div>\n\t\t\t\t<\/div>\n\t\t\t\t\t<\/div>\n\t\t<\/div>\n\t\t\t\t<div class=\"elementor-column elementor-col-50 elementor-top-column elementor-element elementor-element-c45f6b9\" data-id=\"c45f6b9\" data-element_type=\"column\">\n\t\t\t<div class=\"elementor-widget-wrap elementor-element-populated\">\n\t\t\t\t\t\t\t\t<div class=\"elementor-element elementor-element-1ae9b509 elementor-widget elementor-widget-text-editor\" data-id=\"1ae9b509\" data-element_type=\"widget\" data-widget_type=\"text-editor.default\">\n\t\t\t\t<div class=\"elementor-widget-container\">\n\t\t\t\t\t\t\t<!-- wp:paragraph --><!-- \/wp:paragraph --><!-- wp:image {\"id\":17,\"sizeSlug\":\"large\"} -->\n<figure class=\"wp-block-image size-large\"><\/figure>\n<!-- \/wp:image --><!-- wp:paragraph -->\n<p><strong>lek. Aleksandra Zieli\u0144ska<\/strong><\/p>\n<p>Jestem absolwentk\u0105 Warszawskiego Uniwersytetu Medycznego I Wydzia\u0142u Lekarskiego (2009 r.) a tak\u017ce uko\u0144czy\u0142am studia podyplomowe na Wydziale Zarz\u0105dzania w Ochronie Zdrowia na Warszawskim Uniwersytecie (2011r.).<\/p>\n<!-- \/wp:paragraph --><!-- wp:paragraph -->\n<p>W 2015. uzyska\u0142am tytu\u0142 specjalisty Medycyny Rodzinnej.<\/p>\n<!-- \/wp:paragraph --><!-- wp:paragraph -->\n<p>W 2020 r. uzyska\u0142am tytu\u0142 specjalisty Medycyny Pracy osi\u0105gaj\u0105c jeden z najlepszych wynik\u00f3w w Polsce w sesji jesiennej 2020 r.<\/p>\n<!-- \/wp:paragraph --><!-- wp:paragraph -->\n<p>Medycyna pracy i medycyna rodzinna doskonale \u0142\u0105cz\u0105 si\u0119 ze sob\u0105 i uzupe\u0142niaj\u0105 w rozpoznawaniu potrzeb ka\u017cdego pacjenta i pozwalaj\u0105 ca\u0142kowicie go usatysfakcjonowa\u0107.<\/p>\n<!-- \/wp:paragraph --><!-- wp:paragraph -->\n<p>Wymagaj\u0105ca wobec siebie i innych, zawsze dbam o to aby wszystkie \u015bwiadczone przeze mnie us\u0142ugi by\u0142y zawsze na najwy\u017cszym poziomie.<\/p>\n<!-- \/wp:paragraph --><!-- wp:paragraph -->\n<p>Poniewa\u017c medycyna to moja pasja i nauka dlatego nie przestaj\u0119 si\u0119 doszkala\u0107, regularnie uczestnicz\u0119 w konferencjach, szkoleniach, \u015bwiatowych trendach by zawsze wykorzystywa\u0107 najnowsze przepisy i wytyczne.<\/p>\n<!-- \/wp:paragraph --><!-- wp:paragraph -->\n<p>Przyk\u0142adam ogromn\u0105 wag\u0119 do relacji z Pacjentami oraz do indywidualnego podej\u015bcia do ka\u017cdego z nich.<\/p>\n<!-- \/wp:paragraph --><!-- wp:paragraph -->\n<p>Moim kluczem do sukcesu jest zawsze stawianie na pierwszym miejscu dobra i odpowiedzialne podej\u015bcie do ka\u017cdego pacjenta!<\/p>\n<!-- \/wp:paragraph --><!-- wp:paragraph -->\n<p>Medycyna Pracy &#8211; szybko i solidnie!<\/p>\n<!-- \/wp:paragraph --><!-- wp:paragraph -->\n<p>Cz\u0142onek Polskiego Towarzystwa Medycyny Pracy<\/p>\n<!-- \/wp:paragraph --><!-- wp:paragraph -->\n<p>Cz\u0142onek Polskiego Towarzystwa Medycyny Rodzinnej<\/p>\n<!-- \/wp:paragraph -->\t\t\t\t\t\t<\/div>\n\t\t\t\t<\/div>\n\t\t\t\t\t<\/div>\n\t\t<\/div>\n\t\t\t\t\t\t\t<\/div>\n\t\t<\/section>\n\t\t\t\t\t\t\t<\/div>\n\t\t","protected":false},"excerpt":{"rendered":"<p>Kontakt e-mail Kontakt telefoniczny lek. Aleksandra Zieli\u0144ska Jestem absolwentk\u0105 Warszawskiego Uniwersytetu Medycznego I Wydzia\u0142u Lekarskiego (2009 r.) a tak\u017ce uko\u0144czy\u0142am studia podyplomowe na Wydziale Zarz\u0105dzania w Ochronie Zdrowia na Warszawskim Uniwersytecie (2011r.). W 2015. uzyska\u0142am tytu\u0142 specjalisty Medycyny Rodzinnej. W 2020 r. uzyska\u0142am tytu\u0142 specjalisty Medycyny Pracy osi\u0105gaj\u0105c jeden z najlepszych wynik\u00f3w w Polsce w &hellip;<\/p>\n<p class=\"read-more\"> <a class=\"\" href=\"https:\/\/almed-mogielnica.pl\/index.php\/kilka-slow-o-mnie\/\"> <span class=\"screen-reader-text\">Lekarze<\/span> Read More &raquo;<\/a><\/p>\n","protected":false},"author":1,"featured_media":0,"parent":0,"menu_order":0,"comment_status":"closed","ping_status":"closed","template":"","meta":{"site-sidebar-layout":"default","site-content-layout":"default","ast-site-content-layout":"","site-content-style":"default","site-sidebar-style":"default","ast-global-header-display":"","ast-banner-title-visibility":"","ast-main-header-display":"","ast-hfb-above-header-display":"","ast-hfb-below-header-display":"","ast-hfb-mobile-header-display":"","site-post-title":"","ast-breadcrumbs-content":"","ast-featured-img":"","footer-sml-layout":"","theme-transparent-header-meta":"default","adv-header-id-meta":"","stick-header-meta":"","header-above-stick-meta":"","header-main-stick-meta":"","header-below-stick-meta":"","astra-migrate-meta-layouts":"","ast-page-background-enabled":"default","ast-page-background-meta":{"desktop":{"background-color":"","background-image":"","background-repeat":"repeat","background-position":"center center","background-size":"auto","background-attachment":"scroll","background-type":"","background-media":"","overlay-type":"","overlay-color":"","overlay-gradient":""},"tablet":{"background-color":"","background-image":"","background-repeat":"repeat","background-position":"center center","background-size":"auto","background-attachment":"scroll","background-type":"","background-media":"","overlay-type":"","overlay-color":"","overlay-gradient":""},"mobile":{"background-color":"","background-image":"","background-repeat":"repeat","background-position":"center center","background-size":"auto","background-attachment":"scroll","background-type":"","background-media":"","overlay-type":"","overlay-color":"","overlay-gradient":""}},"ast-content-background-meta":{"desktop":{"background-color":"var(--ast-global-color-5)","background-image":"","background-repeat":"repeat","background-position":"center center","background-size":"auto","background-attachment":"scroll","background-type":"","background-media":"","overlay-type":"","overlay-color":"","overlay-gradient":""},"tablet":{"background-color":"var(--ast-global-color-5)","background-image":"","background-repeat":"repeat","background-position":"center center","background-size":"auto","background-attachment":"scroll","background-type":"","background-media":"","overlay-type":"","overlay-color":"","overlay-gradient":""},"mobile":{"background-color":"var(--ast-global-color-5)","background-image":"","background-repeat":"repeat","background-position":"center center","background-size":"auto","background-attachment":"scroll","background-type":"","background-media":"","overlay-type":"","overlay-color":"","overlay-gradient":""}},"footnotes":""},"_links":{"self":[{"href":"https:\/\/almed-mogielnica.pl\/index.php\/wp-json\/wp\/v2\/pages\/16"}],"collection":[{"href":"https:\/\/almed-mogielnica.pl\/index.php\/wp-json\/wp\/v2\/pages"}],"about":[{"href":"https:\/\/almed-mogielnica.pl\/index.php\/wp-json\/wp\/v2\/types\/page"}],"author":[{"embeddable":true,"href":"https:\/\/almed-mogielnica.pl\/index.php\/wp-json\/wp\/v2\/users\/1"}],"replies":[{"embeddable":true,"href":"https:\/\/almed-mogielnica.pl\/index.php\/wp-json\/wp\/v2\/comments?post=16"}],"version-history":[{"count":25,"href":"https:\/\/almed-mogielnica.pl\/index.php\/wp-json\/wp\/v2\/pages\/16\/revisions"}],"predecessor-version":[{"id":245,"href":"https:\/\/almed-mogielnica.pl\/index.php\/wp-json\/wp\/v2\/pages\/16\/revisions\/245"}],"wp:attachment":[{"href":"https:\/\/almed-mogielnica.pl\/index.php\/wp-json\/wp\/v2\/media?parent=16"}],"curies":[{"name":"wp","href":"https:\/\/api.w.org\/{rel}","templated":true}]}}